{"id":1934,"date":"2025-10-25T13:48:09","date_gmt":"2025-10-25T13:48:09","guid":{"rendered":"https:\/\/psimport.store\/?product=fabuloso-limpiador-de-suelo-limon-1-5l"},"modified":"2025-10-31T18:57:15","modified_gmt":"2025-10-31T18:57:15","slug":"fabuloso-limpiador-de-suelo-limon-1-5l","status":"publish","type":"product","link":"https:\/\/psimport.store\/?product=fabuloso-limpiador-de-suelo-limon-1-5l","title":{"rendered":"Fabuloso Limpiador de Suelo Lim\u00f3n 1.5L"},"content":{"rendered":"<p>Limpiador concentrado para todo tipo de suelos con fragancia fresca a lim\u00f3n. Marca l\u00edder de Colgate-Palmolive.<\/p>\n","protected":false},"excerpt":{"rendered":"<p>Limpiador de suelo con aroma a lim\u00f3n de Fabuloso<\/p>\n","protected":false},"featured_media":2434,"template":"","meta":[],"product_brand":[],"product_cat":[220,219],"product_tag":[],"class_list":{"0":"post-1934","1":"product","2":"type-product","3":"status-publish","4":"has-post-thumbnail","6":"product_cat-fabuloso","7":"product_cat-limpieza-de-suelos","9":"first","10":"instock","11":"shipping-taxable","12":"purchasable","13":"product-type-simple"},"_links":{"self":[{"href":"https:\/\/psimport.store\/index.php?rest_route=\/wp\/v2\/product\/1934","targetHints":{"allow":["GET"]}}],"collection":[{"href":"https:\/\/psimport.store\/index.php?rest_route=\/wp\/v2\/product"}],"about":[{"href":"https:\/\/psimport.store\/index.php?rest_route=\/wp\/v2\/types\/product"}],"version-history":[{"count":1,"href":"https:\/\/psimport.store\/index.php?rest_route=\/wp\/v2\/product\/1934\/revisions"}],"predecessor-version":[{"id":2435,"href":"https:\/\/psimport.store\/index.php?rest_route=\/wp\/v2\/product\/1934\/revisions\/2435"}],"wp:featuredmedia":[{"embeddable":true,"href":"https:\/\/psimport.store\/index.php?rest_route=\/wp\/v2\/media\/2434"}],"wp:attachment":[{"href":"https:\/\/psimport.store\/index.php?rest_route=%2Fwp%2Fv2%2Fmedia&parent=1934"}],"wp:term":[{"taxonomy":"product_brand","embeddable":true,"href":"https:\/\/psimport.store\/index.php?rest_route=%2Fwp%2Fv2%2Fproduct_brand&post=1934"},{"taxonomy":"product_cat","embeddable":true,"href":"https:\/\/psimport.store\/index.php?rest_route=%2Fwp%2Fv2%2Fproduct_cat&post=1934"},{"taxonomy":"product_tag","embeddable":true,"href":"https:\/\/psimport.store\/index.php?rest_route=%2Fwp%2Fv2%2Fproduct_tag&post=1934"}],"curies":[{"name":"wp","href":"https:\/\/api.w.org\/{rel}","templated":true}]}}